{"id":3,"date":"2023-05-11T19:23:36","date_gmt":"2023-05-12T00:23:36","guid":{"rendered":"http:\/\/megatecnicos.com\/?page_id=3"},"modified":"2024-04-11T17:50:24","modified_gmt":"2024-04-11T22:50:24","slug":"politica-privacidad","status":"publish","type":"page","link":"https:\/\/megatecnicos.com\/?page_id=3","title":{"rendered":"Pol\u00edtica de privacidad"},"content":{"rendered":"\t\t<div data-elementor-type=\"wp-page\" data-elementor-id=\"3\" class=\"elementor elementor-3\">\n\t\t\t\t\t\t<section class=\"elementor-section elementor-top-section elementor-element elementor-element-fdc5fe3 elementor-section-full_width elementor-section-height-default elementor-section-height-default\" data-id=\"fdc5fe3\" data-element_type=\"section\">\n\t\t\t\t\t\t<div class=\"elementor-container elementor-column-gap-default\">\n\t\t\t\t\t<div class=\"elementor-column elementor-col-100 elementor-top-column elementor-element elementor-element-b96222a\" data-id=\"b96222a\" data-element_type=\"column\">\n\t\t\t<div class=\"elementor-widget-wrap elementor-element-populated\">\n\t\t\t\t\t\t<div class=\"elementor-element elementor-element-bccccdb elementor-widget elementor-widget-text-editor\" data-id=\"bccccdb\" data-element_type=\"widget\" data-widget_type=\"text-editor.default\">\n\t\t\t\t<div class=\"elementor-widget-container\">\n\t\t\t<style>\/*! elementor - v3.22.0 - 26-06-2024 *\/\n.elementor-widget-text-editor.elementor-drop-cap-view-stacked .elementor-drop-cap{background-color:#69727d;color:#fff}.elementor-widget-text-editor.elementor-drop-cap-view-framed .elementor-drop-cap{color:#69727d;border:3px solid;background-color:transparent}.elementor-widget-text-editor:not(.elementor-drop-cap-view-default) .elementor-drop-cap{margin-top:8px}.elementor-widget-text-editor:not(.elementor-drop-cap-view-default) .elementor-drop-cap-letter{width:1em;height:1em}.elementor-widget-text-editor .elementor-drop-cap{float:left;text-align:center;line-height:1;font-size:50px}.elementor-widget-text-editor .elementor-drop-cap-letter{display:inline-block}<\/style>\t\t\t\t<p><strong>Qui\u00e9nes somos<\/strong><\/p>\n<p>Nuestra direcci\u00f3n de sitio web es: http:\/\/megatecnicos.com.<\/p>\n<p><strong>POL\u00cdTICA DE TRATAMIENTO DE DATOS PERSONALES<br \/>MEGATECNICOS<\/strong><\/p>\n<ol>\n<li><strong> INTRODUCCI\u00d3N<\/strong><\/li>\n<\/ol>\n<p>MEGA TECNICOS es una empresa cuyo objeto social principal reparaci\u00f3n de gasodom\u00e9sticos y electrodom\u00e9sticos adem\u00e1s de la prestaci\u00f3n de servicios de instalaci\u00f3n, mantenimiento de los mismos.<\/p>\n<p>MEGA TECNICOS es una empresa con m\u00e1s de 15 a\u00f1os de presencia y reconocimiento en el mercado de L\u00ednea Blanca en Medell\u00edn y sus alrededores, que propende por la promoci\u00f3n y cumplimiento de sus valores corporativos en todas sus relaciones: Integridad, Cercan\u00eda, Humanidad, Pasi\u00f3n y Apertura al Cambio.<\/p>\n<p>De esta manera, es prioridad para MEGA TECNICOS dar cumplimiento a la reglamentaci\u00f3n aplicable a su actividad, por lo cual, la Compa\u00f1\u00eda est\u00e1 comprometida con la seguridad de la informaci\u00f3n personal, sus grupos de inter\u00e9s en general y por tanto, con dar estricto cumplimiento a la reglamentaci\u00f3n vigente sobre la protecci\u00f3n de Datos Personales, en especial por lo establecido en las siguientes normas: la Ley 1581 de 2012, Decreto 1377 de 2013, Decreto 886 de 2014, Ley 1266 de 2008 y dem\u00e1s disposiciones que las modifiquen, adicionen o complementen, en virtud de lo cual, se permite presentar la Pol\u00edtica de Tratamiento en materia de Protecci\u00f3n de Datos Personales (en adelante la \u201cPol\u00edtica\u201d).<\/p>\n<ol start=\"2\">\n<li><strong> OBJETIVO<\/strong><\/li>\n<\/ol>\n<p>Establecer los criterios para la recolecci\u00f3n, almacenamiento, uso, circulaci\u00f3n y supresi\u00f3n de los datos personales, suministrados por clientes, usuarios, proveedores, contratistas, empleados y\/o p\u00fablico en general, tratados por MEGA TECNICOS, que provienen de la informaci\u00f3n recopilada en ejercicio de las actividades desarrolladas en raz\u00f3n de los v\u00ednculos comerciales, contractuales, laborales o de cualquier otra \u00edndole. De conformidad con lo establecido en la Ley 1266 de 2008, Ley 1581 de 2012 y los decretos 1377 de 2013, Decreto 886 de 2014 y en las dem\u00e1s normas que la modifiquen, adicionen, complementen o reglamenten y de manera especial, con los procedimientos y pr\u00e1cticas corporativas.<\/p>\n<p>\u00a0<\/p>\n<ol start=\"3\">\n<li><strong> OBLIGACIONES<\/strong><\/li>\n<\/ol>\n<p>Esta pol\u00edtica es de obligatorio y estricto cumplimiento para MEGA TECNICOS que actuar\u00e1 como responsable del Tratamiento.<\/p>\n<p>4<strong>. TRATAMIENTO DE DATOS SENSIBLES<\/strong><\/p>\n<p>En caso de que se realice el Tratamiento de datos Sensible, se garantiza que se obtendr\u00e1 la autorizaci\u00f3n para el tratamiento de dichos datos de manera previa y expresa, cumpliendo con las siguientes obligaciones:<\/p>\n<ul>\n<li>Se informar\u00e1 al Titular de los datos que por tratarse de Datos sensibles no est\u00e1 obligado a autorizar su tratamiento.<br \/>\u2022 Se informar\u00e1 de forma previa y expresa al Titular cuales son los datos sensibles y cual ser\u00e1 la finalidad del tratamiento que se les dar\u00e1.<br \/>\u2022 No se condicionar\u00e1 ninguna actividad a que el Titular suministre Datos Sensibles.<\/li>\n<\/ul>\n<p>\u00a0<\/p>\t\t\t\t\t\t<\/div>\n\t\t\t\t<\/div>\n\t\t\t\t\t<\/div>\n\t\t<\/div>\n\t\t\t\t\t<\/div>\n\t\t<\/section>\n\t\t\t\t<\/div>\n\t\t","protected":false},"excerpt":{"rendered":"<p>Qui\u00e9nes somos Nuestra direcci\u00f3n de sitio web es: http:\/\/megatecnicos.com. POL\u00cdTICA DE TRATAMIENTO DE DATOS PERSONALESMEGATECNICOS INTRODUCCI\u00d3N MEGA TECNICOS es una empresa cuyo objeto social principal reparaci\u00f3n de gasodom\u00e9sticos y electrodom\u00e9sticos adem\u00e1s de la prestaci\u00f3n de servicios de instalaci\u00f3n, mantenimiento de los mismos. MEGA TECNICOS es una empresa con m\u00e1s de 15 a\u00f1os de presencia y [&hellip;]<\/p>\n","protected":false},"author":1,"featured_media":0,"parent":0,"menu_order":0,"comment_status":"closed","ping_status":"open","template":"","meta":[],"aioseo_notices":[],"_links":{"self":[{"href":"https:\/\/megatecnicos.com\/index.php?rest_route=\/wp\/v2\/pages\/3"}],"collection":[{"href":"https:\/\/megatecnicos.com\/index.php?rest_route=\/wp\/v2\/pages"}],"about":[{"href":"https:\/\/megatecnicos.com\/index.php?rest_route=\/wp\/v2\/types\/page"}],"author":[{"embeddable":true,"href":"https:\/\/megatecnicos.com\/index.php?rest_route=\/wp\/v2\/users\/1"}],"replies":[{"embeddable":true,"href":"https:\/\/megatecnicos.com\/index.php?rest_route=%2Fwp%2Fv2%2Fcomments&post=3"}],"version-history":[{"count":3,"href":"https:\/\/megatecnicos.com\/index.php?rest_route=\/wp\/v2\/pages\/3\/revisions"}],"predecessor-version":[{"id":443,"href":"https:\/\/megatecnicos.com\/index.php?rest_route=\/wp\/v2\/pages\/3\/revisions\/443"}],"wp:attachment":[{"href":"https:\/\/megatecnicos.com\/index.php?rest_route=%2Fwp%2Fv2%2Fmedia&parent=3"}],"curies":[{"name":"wp","href":"https:\/\/api.w.org\/{rel}","templated":true}]}}